{"id":12,"date":"2013-11-17T17:56:53","date_gmt":"2013-11-17T16:56:53","guid":{"rendered":"http:\/\/localhost\/simpressions\/?page_id=12"},"modified":"2016-04-21T10:57:23","modified_gmt":"2016-04-21T09:57:23","slug":"ueber-mich","status":"publish","type":"page","link":"http:\/\/simpressions.de\/?page_id=12","title":{"rendered":"&Uuml;ber mich"},"content":{"rendered":"<p><img decoding=\"async\" src=\"..\/wp-content\/images\/Simone.jpg\" alt=\"Simone\" width=\"800px\" \/><br \/>\n<\/br><\/br><\/p>\n<p>Hallo, ich bin Simone und der kreative Kopf hinter <a href=\"www.simpressions.de\"><strong>www.simpressions.de<\/strong><\/a>.<\/p>\n<p>Die Fotografie ist mein kreativer Ausgleich zu meinem technischen Berufsleben. Ich arbeite in der Forschung und bin dort in der Software-Entwicklung t\u00e4tig. Seit 2012 lebe ich in der direkten N\u00e4he von Erlangen und N\u00fcrnberg und genie\u00dfe seitdem die fotografischen Vorz\u00fcge des Frankenlands.<\/p>\n<p>Seit 2005 besch\u00e4ftige ich mich intensiver mit der Fotografie. Meine fotografischen Steckenpferde sind die Landschafts- und die Naturfotografie. Besonders Landschaftsaufnahmen, aber auch Makroaufnahmen von Insekten oder Pflanzen haben es mir angetan.<\/p>\n<p>Meine Fotos mache ich mit folgender Ausr\u00fcstung (bin aber der Meinung, dass das kreative Auge das wichtigere Werkzeug ist als eine teure Kamera):<\/p>\n<ul>\n<li>Canon EOS 760D<\/li>\n<li>Sigma 17-70mm F2,8-4,0 Contemporary<\/li>\n<li>Sigma 10-20mm F4,0-5,6<\/li>\n<li>Canon 55-250mm F4,0-5,6 STM<\/li>\n<li>Sigma 30mm F1,4 Art<\/li>\n<li>Sigma 105mm Macro F2,8<\/li>\n<li>Tamron 180mm Macro F3,5<\/li>\n<li>Stativ Vanguard Alta Pro 254CT mit Manfrotto Kugelkopf<\/li>\n<li>Weiterer Krimskrams (ND-Filter (8x, 64x, 1000x von Haida), Polfilter, Diffusor&#8230;)<\/li>\n<\/ul>\n<p>&nbsp;<\/p>\n<p>Ich w\u00fcnsche viel Spa\u00df auf meiner Seite!<br \/>\nF\u00fcr Anregungen bin ich immer offen, daher freue ich mich \u00fcber jeden Kommentar!<\/p>\n","protected":false},"excerpt":{"rendered":"<p>Hallo, ich bin Simone und der kreative Kopf hinter www.simpressions.de. Die Fotografie ist mein kreativer Ausgleich zu meinem technischen Berufsleben. Ich arbeite in der Forschung und bin dort in der Software-Entwicklung t\u00e4tig. Seit 2012 lebe ich in der direkten N\u00e4he von Erlangen und N\u00fcrnberg und genie\u00dfe seitdem die fotografischen Vorz\u00fcge des Frankenlands. Seit 2005 besch\u00e4ftige [&hellip;]<\/p>\n","protected":false},"author":1,"featured_media":0,"parent":0,"menu_order":0,"comment_status":"open","ping_status":"open","template":"","meta":[],"_links":{"self":[{"href":"http:\/\/simpressions.de\/index.php?rest_route=\/wp\/v2\/pages\/12"}],"collection":[{"href":"http:\/\/simpressions.de\/index.php?rest_route=\/wp\/v2\/pages"}],"about":[{"href":"http:\/\/simpressions.de\/index.php?rest_route=\/wp\/v2\/types\/page"}],"author":[{"embeddable":true,"href":"http:\/\/simpressions.de\/index.php?rest_route=\/wp\/v2\/users\/1"}],"replies":[{"embeddable":true,"href":"http:\/\/simpressions.de\/index.php?rest_route=%2Fwp%2Fv2%2Fcomments&post=12"}],"version-history":[{"count":13,"href":"http:\/\/simpressions.de\/index.php?rest_route=\/wp\/v2\/pages\/12\/revisions"}],"predecessor-version":[{"id":1799,"href":"http:\/\/simpressions.de\/index.php?rest_route=\/wp\/v2\/pages\/12\/revisions\/1799"}],"wp:attachment":[{"href":"http:\/\/simpressions.de\/index.php?rest_route=%2Fwp%2Fv2%2Fmedia&parent=12"}],"curies":[{"name":"wp","href":"https:\/\/api.w.org\/{rel}","templated":true}]}}