{"id":228,"date":"2013-12-07T18:04:09","date_gmt":"2013-12-07T17:04:09","guid":{"rendered":"http:\/\/simpressions.de\/?page_id=228"},"modified":"2023-01-21T17:02:55","modified_gmt":"2023-01-21T16:02:55","slug":"impressum","status":"publish","type":"page","link":"http:\/\/simpressions.de\/?page_id=228","title":{"rendered":"Impressum"},"content":{"rendered":"<p>Angaben gem\u00e4\u00df \u00a7 5 TMG:<\/p>\n<p>Simone Neukam<\/p>\n<p>simone (at) simpressions.de<\/p>\n<div id=\"impressum\">1. Haftungsausschluss<br \/>\nDieser Blog enth\u00e4lt Links zu externen Seiten. F\u00fcr diese Seiten und deren Inhalte \u00fcbernehme ich keine Haftung.<br \/>\nSollten rechtswidrige Inhalte auf verlinkten Seiten enthalten sein, werde ich entsprechende Links bei entsprechenden vorliegenden Informationen entfernen. Die Inhalte dieses Blog sind soweit nicht anders angegeben, pers\u00f6nliche Ansichten und Meinungen. Daher kann ich f\u00fcr entsprechende Interpretationen, Auffassungen und m\u00f6gliche daraus resultierende Handlungen keine Haftung \u00fcbernehmen.<\/p>\n<p>2. Urheberrechte<br \/>\nAlle, die hier ver\u00f6ffentlichten Texte sind soweit nicht anders angegeben und mit entsprechenden Links versehen, pers\u00f6nliches geistiges Eigentum und unterliegen hiermit ausdr\u00fccklich dem Urheberrecht. Eine externe Ver\u00f6ffentlichung auf anderen Seiten sowie andere Verwendung der hier geschriebenen Texte (z.B. Vervielf\u00e4ltigung, Kopien usw.) ben\u00f6tigen daher die schriftliche Genehmigung meinerseits, welche \u00fcber die angegebene E-Mail-Adresse gerne eingeholt werden kann und ist anderweitig ausdr\u00fccklich untersagt.<br \/>\nEntsprechende Urheberbestimmungen gelten ausdr\u00fccklich f\u00fcr vergangene Eintr\u00e4ge, wie auch f\u00fcr k\u00fcnftig Erscheinende.<br \/>\nEntsprechende rechtliche Konsequenzen bei Zuwiderhandlung sind vorbehalten.<br \/>\nDas Gleiche gilt f\u00fcr alle Fotografien, die zu 100% von mir stammen, wenn nicht anders angegeben. Ich verlange also eine schriftliche Anfrage, falls irgendetwas in irgendeiner Art und Weise benutzt werden m\u00f6chte. Ich bitte das zu respektieren, da vor allem Bilderklau und das Ab\u00e4ndern von Fotografien immer mehr verbreitet wird und nicht unbedingt dazu beitr\u00e4gt, eine kreative Gesellschaft und vor allem Gemeinschaft aufzubauen.<\/p>\n<p>3. Datenschutz<br \/>\nSoweit auf meinen Seiten personenbezogene Daten (beispielsweise Name, Anschrift oder E-Mail-Adressen) erhoben werden, erfolgt dies soweit m\u00f6glich stets auf freiwilliger Basis. Die Nutzung der Angebote und Dienste ist, soweit m\u00f6glich, stets ohne Angabe personenbezogener Daten m\u00f6glich. Der Nutzung von im Rahmen der Impressumspflicht ver\u00f6ffentlichten Kontaktdaten durch Dritte zur \u00dcbersendung von nicht ausdr\u00fccklich angeforderter Werbung und Informationsmaterialien wird hiermit ausdr\u00fccklich widersprochen. Die Betreiber der Seiten behalten sich ausdr\u00fccklich rechtliche Schritte im Falle der unverlangten Zusendung von Werbeinformationen, etwa durch Spam-Mails, vor.<\/p>\n<p>4. Datenschutzerkl\u00e4rung f\u00fcr Google Analytics<br \/>\nDiese Website ist via Google Analytics verbunden, einen Webanalysedienst der Google Inc. (&#8222;Google&#8220;). Google Analytics verwendet sog. &#8222;Cookies&#8220;, Textdateien, die auf Ihrem Computer gespeichert werden und die eine Analyse der Benutzung der Website durch Sie erm\u00f6glichen. Die durch den Cookie erzeugten Informationen \u00fcber Ihre Benutzung dieser Website werden in der Regel an einen Server von Google in den USA \u00fcbertragen und dort gespeichert. Im Falle der Aktivierung der IP-Anonymisierung auf dieser Webseite wird Ihre IP-Adresse von Google jedoch innerhalb von Mitgliedstaaten der Europ\u00e4ischen Union oder in anderen Vertragsstaaten des Abkommens \u00fcber den Europ\u00e4ischen Wirtschaftsraum zuvor gek\u00fcrzt.<br \/>\nNur in Ausnahmef\u00e4llen wird die volle IP-Adresse an einen Server von Google in den USA \u00fcbertragen und dort gek\u00fcrzt. Im Auftrag des Betreibers dieser Website wird Google diese Informationen benutzen, um Ihre Nutzung der Website auszuwerten, um Reports \u00fcber die Websiteaktivit\u00e4ten zusammenzustellen und um weitere mit der Websitenutzung und der Internetnutzung verbundene Dienstleistungen gegen\u00fcber dem Websitebetreiber zu erbringen. Die im Rahmen von Google Analytics von Ihrem Browser \u00fcbermittelte IP-Adresse wird nicht mit anderen Daten von Google zusammengef\u00fchrt.<br \/>\nSie k\u00f6nnen die Speicherung der Cookies durch eine entsprechende Einstellung Ihrer Browser-Software verhindern; wir weisen Sie jedoch darauf hin, dass Sie in diesem Fall gegebenenfalls nicht s\u00e4mtliche Funktionen dieser Website vollumf\u00e4nglich werden nutzen k\u00f6nnen. Sie k\u00f6nnen dar\u00fcber hinaus die Erfassung der durch das Cookie erzeugten und auf Ihre Nutzung der Website bezogenen Daten (inkl. Ihrer IP-Adresse) an Google sowie die Verarbeitung dieser Daten durch Google verhindern, indem sie das unter dem folgenden Link verf\u00fcgbare Browser-Plugin herunterladen und installieren: http:\/\/tools.google.com\/dlpage\/gaoptout?hl=de.<\/p>\n<\/div>\n","protected":false},"excerpt":{"rendered":"<p>Angaben gem\u00e4\u00df \u00a7 5 TMG: Simone Neukam simone (at) simpressions.de 1. Haftungsausschluss Dieser Blog enth\u00e4lt Links zu externen Seiten. F\u00fcr diese Seiten und deren Inhalte \u00fcbernehme ich keine Haftung. Sollten rechtswidrige Inhalte auf verlinkten Seiten enthalten sein, werde ich entsprechende Links bei entsprechenden vorliegenden Informationen entfernen. Die Inhalte dieses Blog sind soweit nicht anders angegeben, [&hellip;]<\/p>\n","protected":false},"author":1,"featured_media":0,"parent":0,"menu_order":0,"comment_status":"open","ping_status":"open","template":"","meta":[],"_links":{"self":[{"href":"http:\/\/simpressions.de\/index.php?rest_route=\/wp\/v2\/pages\/228"}],"collection":[{"href":"http:\/\/simpressions.de\/index.php?rest_route=\/wp\/v2\/pages"}],"about":[{"href":"http:\/\/simpressions.de\/index.php?rest_route=\/wp\/v2\/types\/page"}],"author":[{"embeddable":true,"href":"http:\/\/simpressions.de\/index.php?rest_route=\/wp\/v2\/users\/1"}],"replies":[{"embeddable":true,"href":"http:\/\/simpressions.de\/index.php?rest_route=%2Fwp%2Fv2%2Fcomments&post=228"}],"version-history":[{"count":16,"href":"http:\/\/simpressions.de\/index.php?rest_route=\/wp\/v2\/pages\/228\/revisions"}],"predecessor-version":[{"id":1980,"href":"http:\/\/simpressions.de\/index.php?rest_route=\/wp\/v2\/pages\/228\/revisions\/1980"}],"wp:attachment":[{"href":"http:\/\/simpressions.de\/index.php?rest_route=%2Fwp%2Fv2%2Fmedia&parent=228"}],"curies":[{"name":"wp","href":"https:\/\/api.w.org\/{rel}","templated":true}]}}